{"id":557,"date":"2023-05-05T14:01:03","date_gmt":"2023-05-05T14:01:03","guid":{"rendered":"https:\/\/www.nuitdestemps.eu\/la-prochaine-nuit\/"},"modified":"2026-03-18T22:35:41","modified_gmt":"2026-03-18T22:35:41","slug":"la-prochaine-nuit","status":"publish","type":"page","link":"https:\/\/www.nuitdestemps.eu\/fr\/la-prochaine-nuit\/","title":{"rendered":"La prochaine nuit"},"content":{"rendered":"\t\t<div data-elementor-type=\"wp-page\" data-elementor-id=\"557\" class=\"elementor elementor-557 elementor-67\" data-elementor-post-type=\"page\">\n\t\t\t\t<div class=\"elementor-element elementor-element-ccfd661 e-con-full e-flex e-con e-parent\" data-id=\"ccfd661\" data-element_type=\"container\" data-e-type=\"container\" data-settings=\"{&quot;background_background&quot;:&quot;classic&quot;}\">\n\t\t<div class=\"elementor-element elementor-element-d76caaf e-flex e-con-boxed e-con e-child\" data-id=\"d76caaf\" data-element_type=\"container\" data-e-type=\"container\">\n\t\t\t\t\t<div class=\"e-con-inner\">\n\t\t\t\t<div class=\"elementor-element elementor-element-f21d3c8 elementor-widget elementor-widget-heading\" data-id=\"f21d3c8\" data-element_type=\"widget\" data-e-type=\"widget\" data-widget_type=\"heading.default\">\n\t\t\t\t<div class=\"elementor-widget-container\">\n\t\t\t\t\t<h2 class=\"elementor-heading-title elementor-size-default\">Introd - Vall\u00e9e D'Aoste<\/h2>\t\t\t\t<\/div>\n\t\t\t\t<\/div>\n\t\t\t\t<div class=\"elementor-element elementor-element-81e6796 elementor-widget elementor-widget-text-editor\" data-id=\"81e6796\" data-element_type=\"widget\" data-e-type=\"widget\" data-widget_type=\"text-editor.default\">\n\t\t\t\t<div class=\"elementor-widget-container\">\n\t\t\t\t\t\t\t\t\t<p>La Nuit des temps \u2013 17 octobre 2026<br>L\u2019avant-premi\u00e8re de La Nuit &#8211; 16 octobre 2026<\/p>\t\t\t\t\t\t\t\t<\/div>\n\t\t\t\t<\/div>\n\t\t\t\t<div class=\"elementor-element elementor-element-34ae2f7 elementor-widget elementor-widget-heading\" data-id=\"34ae2f7\" data-element_type=\"widget\" data-e-type=\"widget\" data-widget_type=\"heading.default\">\n\t\t\t\t<div class=\"elementor-widget-container\">\n\t\t\t\t\t<h2 class=\"elementor-heading-title elementor-size-default\">Un voyage \u00e0 rebours \u00e0 travers les \u00e2ges <\/h2>\t\t\t\t<\/div>\n\t\t\t\t<\/div>\n\t\t\t\t<div class=\"elementor-element elementor-element-f14b6c8 elementor-align-center elementor-widget elementor-widget-button\" data-id=\"f14b6c8\" data-element_type=\"widget\" data-e-type=\"widget\" data-widget_type=\"button.default\">\n\t\t\t\t<div class=\"elementor-widget-container\">\n\t\t\t\t\t\t\t\t\t<div class=\"elementor-button-wrapper\">\n\t\t\t\t\t<a class=\"elementor-button elementor-button-link elementor-size-sm\" href=\"https:\/\/www.nuitdestemps.eu\/wp-content\/uploads\/2026\/03\/A5-FRA-2026.pdf\" target=\"_blank\">\n\t\t\t\t\t\t<span class=\"elementor-button-content-wrapper\">\n\t\t\t\t\t\t\t\t\t<span class=\"elementor-button-text\">D\u00e9pliant 2026<\/span>\n\t\t\t\t\t<\/span>\n\t\t\t\t\t<\/a>\n\t\t\t\t<\/div>\n\t\t\t\t\t\t\t\t<\/div>\n\t\t\t\t<\/div>\n\t\t\t\t\t<\/div>\n\t\t\t\t<\/div>\n\t\t\t\t<\/div>\n\t\t<div class=\"elementor-element elementor-element-a911ab6 e-con-full e-flex e-con e-parent\" data-id=\"a911ab6\" data-element_type=\"container\" data-e-type=\"container\">\n\t\t<div class=\"elementor-element elementor-element-369e771 e-con-full e-flex e-con e-child\" data-id=\"369e771\" data-element_type=\"container\" data-e-type=\"container\">\n\t\t<div class=\"elementor-element elementor-element-9ae4489 e-con-full e-flex e-con e-child\" data-id=\"9ae4489\" data-element_type=\"container\" data-e-type=\"container\">\n\t\t\t\t<div class=\"elementor-element elementor-element-bb22ed7 elementor-widget elementor-widget-image\" data-id=\"bb22ed7\" data-element_type=\"widget\" data-e-type=\"widget\" data-widget_type=\"image.default\">\n\t\t\t\t<div class=\"elementor-widget-container\">\n\t\t\t\t\t\t\t\t\t\t\t\t\t\t\t<img fetchpriority=\"high\" decoding=\"async\" width=\"800\" height=\"534\" src=\"https:\/\/www.nuitdestemps.eu\/wp-content\/uploads\/2023\/05\/Programma.jpg\" class=\"attachment-large size-large wp-image-394\" alt=\"\" srcset=\"https:\/\/www.nuitdestemps.eu\/wp-content\/uploads\/2023\/05\/Programma.jpg 900w, https:\/\/www.nuitdestemps.eu\/wp-content\/uploads\/2023\/05\/Programma-300x200.jpg 300w, https:\/\/www.nuitdestemps.eu\/wp-content\/uploads\/2023\/05\/Programma-768x513.jpg 768w\" sizes=\"(max-width: 800px) 100vw, 800px\" \/>\t\t\t\t\t\t\t\t\t\t\t\t\t\t\t<\/div>\n\t\t\t\t<\/div>\n\t\t\t\t<\/div>\n\t\t<div class=\"elementor-element elementor-element-50353b9 e-con-full e-flex e-con e-child\" data-id=\"50353b9\" data-element_type=\"container\" data-e-type=\"container\">\n\t\t\t\t<div class=\"elementor-element elementor-element-ae547e7 elementor-widget elementor-widget-heading\" data-id=\"ae547e7\" data-element_type=\"widget\" data-e-type=\"widget\" data-widget_type=\"heading.default\">\n\t\t\t\t<div class=\"elementor-widget-container\">\n\t\t\t\t\t<h2 class=\"elementor-heading-title elementor-size-default\">Programme<\/h2>\t\t\t\t<\/div>\n\t\t\t\t<\/div>\n\t\t\t\t<div class=\"elementor-element elementor-element-4033a68 elementor-widget elementor-widget-text-editor\" data-id=\"4033a68\" data-element_type=\"widget\" data-e-type=\"widget\" data-widget_type=\"text-editor.default\">\n\t\t\t\t<div class=\"elementor-widget-container\">\n\t\t\t\t\t\t\t\t\t<p>Visite guid\u00e9e de l\u2019ancienne habitation rurale Maison Bruil\u00a0<strong>(accueil et point de d\u00e9part)<\/strong><\/p><p>Parcours itin\u00e9rant dans nos villages, \u00e0 la d\u00e9couverte d\u2019atmosph\u00e8res d\u2019antan\u00a0<strong>(les quatre portes du temps)<\/strong><\/p><p><strong>Exclusivement<\/strong> pour l\u2019\u00e9v\u00e9nement du 17 octobre: <strong>casse-cro\u00fbte traditionnel<\/strong>, offert par les seigneurs d\u2019Introd devant les anciennes \u00e9curies du ch\u00e2teau<\/p>\t\t\t\t\t\t\t\t<\/div>\n\t\t\t\t<\/div>\n\t\t\t\t<\/div>\n\t\t\t\t<\/div>\n\t\t\t\t<\/div>\n\t\t<div class=\"elementor-element elementor-element-f6a9116 e-flex e-con-boxed e-con e-parent\" data-id=\"f6a9116\" data-element_type=\"container\" data-e-type=\"container\" data-settings=\"{&quot;background_background&quot;:&quot;classic&quot;}\">\n\t\t\t\t\t<div class=\"e-con-inner\">\n\t\t<div class=\"elementor-element elementor-element-c2a9fc1 e-con-full e-flex e-con e-child\" data-id=\"c2a9fc1\" data-element_type=\"container\" data-e-type=\"container\" data-settings=\"{&quot;background_background&quot;:&quot;classic&quot;}\">\n\t\t\t\t<div class=\"elementor-element elementor-element-14447c4 elementor-widget elementor-widget-heading\" data-id=\"14447c4\" data-element_type=\"widget\" data-e-type=\"widget\" data-widget_type=\"heading.default\">\n\t\t\t\t<div class=\"elementor-widget-container\">\n\t\t\t\t\t<h2 class=\"elementor-heading-title elementor-size-default\">A savoir<\/h2>\t\t\t\t<\/div>\n\t\t\t\t<\/div>\n\t\t\t\t<div class=\"elementor-element elementor-element-414c76c elementor-widget elementor-widget-text-editor\" data-id=\"414c76c\" data-element_type=\"widget\" data-e-type=\"widget\" data-widget_type=\"text-editor.default\">\n\t\t\t\t<div class=\"elementor-widget-container\">\n\t\t\t\t\t\t\t\t\t<p><strong>Les d\u00e9placements<\/strong>\u00a0se feront par groupes, \u00e0 pied, dans le noir, \u00e0 l\u2019aide de lanternes, guid\u00e9s par des accompagnateurs en costume qui vous feront d\u00e9couvrir les lieux et les gens et qui r\u00e9pondront \u00e0 vos questions<\/p><p><strong>Les quatre portes du temps :<\/strong> 1940, 1890, 1710 et 1450<\/p><p><strong>Le voyage aura une dur\u00e9e\u00a0approximative<\/strong> de 2 heures et la d\u00e9gustation finale, pr\u00e9par\u00e9e par le chef de l\u2019h\u00f4tel Boule de neige, de 30 minutes environs<\/p><p>Tous les visiteurs seront raccompagn\u00e9s \u00e0 leur voiture par un service de navette.<\/p>\t\t\t\t\t\t\t\t<\/div>\n\t\t\t\t<\/div>\n\t\t\t\t<\/div>\n\t\t<div class=\"elementor-element elementor-element-ab42bc6 e-con-full e-flex e-con e-child\" data-id=\"ab42bc6\" data-element_type=\"container\" data-e-type=\"container\" data-settings=\"{&quot;background_background&quot;:&quot;classic&quot;}\">\n\t\t\t\t<div class=\"elementor-element elementor-element-0df5265 elementor-widget elementor-widget-image\" data-id=\"0df5265\" data-element_type=\"widget\" data-e-type=\"widget\" data-widget_type=\"image.default\">\n\t\t\t\t<div class=\"elementor-widget-container\">\n\t\t\t\t\t\t\t\t\t\t\t\t\t\t\t<img decoding=\"async\" width=\"340\" height=\"525\" src=\"https:\/\/www.nuitdestemps.eu\/wp-content\/uploads\/2023\/05\/Da-sapere-340x525-1.jpg\" class=\"attachment-large size-large wp-image-395\" alt=\"\" srcset=\"https:\/\/www.nuitdestemps.eu\/wp-content\/uploads\/2023\/05\/Da-sapere-340x525-1.jpg 340w, https:\/\/www.nuitdestemps.eu\/wp-content\/uploads\/2023\/05\/Da-sapere-340x525-1-194x300.jpg 194w\" sizes=\"(max-width: 340px) 100vw, 340px\" \/>\t\t\t\t\t\t\t\t\t\t\t\t\t\t\t<\/div>\n\t\t\t\t<\/div>\n\t\t\t\t<\/div>\n\t\t\t\t\t<\/div>\n\t\t\t\t<\/div>\n\t\t<div class=\"elementor-element elementor-element-ff15440 e-flex e-con-boxed e-con e-parent\" data-id=\"ff15440\" data-element_type=\"container\" data-e-type=\"container\">\n\t\t\t\t\t<div class=\"e-con-inner\">\n\t\t<div class=\"elementor-element elementor-element-c193c77 e-con-full e-flex e-con e-child\" data-id=\"c193c77\" data-element_type=\"container\" data-e-type=\"container\">\n\t\t\t\t<div class=\"elementor-element elementor-element-11296c4 elementor-widget elementor-widget-heading\" data-id=\"11296c4\" data-element_type=\"widget\" data-e-type=\"widget\" data-widget_type=\"heading.default\">\n\t\t\t\t<div class=\"elementor-widget-container\">\n\t\t\t\t\t<h2 class=\"elementor-heading-title elementor-size-default\">Horaires des groupes<\/h2>\t\t\t\t<\/div>\n\t\t\t\t<\/div>\n\t\t\t\t<div class=\"elementor-element elementor-element-cc660c2 elementor-widget elementor-widget-text-editor\" data-id=\"cc660c2\" data-element_type=\"widget\" data-e-type=\"widget\" data-widget_type=\"text-editor.default\">\n\t\t\t\t<div class=\"elementor-widget-container\">\n\t\t\t\t\t\t\t\t\t<p>r\u00e9servation obligatoire<\/p>\n\t\t\t\t\t\t\t\t<\/div>\n\t\t\t\t<\/div>\n\t\t\t\t<div class=\"elementor-element elementor-element-54ce5ea elementor-widget elementor-widget-text-editor\" data-id=\"54ce5ea\" data-element_type=\"widget\" data-e-type=\"widget\" data-widget_type=\"text-editor.default\">\n\t\t\t\t<div class=\"elementor-widget-container\">\n\t\t\t\t\t\t\t\t\t<p>19:00 \/ 19:30 \/ 20:00 \/ 20:30<br \/>21:00 \/ 21:30 \/ 22:00\u00a0<\/p>\n\t\t\t\t\t\t\t\t<\/div>\n\t\t\t\t<\/div>\n\t\t\t\t<\/div>\n\t\t<div class=\"elementor-element elementor-element-6c2a56a e-con-full e-flex e-con e-child\" data-id=\"6c2a56a\" data-element_type=\"container\" data-e-type=\"container\">\n\t\t\t\t<div class=\"elementor-element elementor-element-5fe8dff elementor-widget elementor-widget-heading\" data-id=\"5fe8dff\" data-element_type=\"widget\" data-e-type=\"widget\" data-widget_type=\"heading.default\">\n\t\t\t\t<div class=\"elementor-widget-container\">\n\t\t\t\t\t<h2 class=\"elementor-heading-title elementor-size-default\">Prix:<\/h2>\t\t\t\t<\/div>\n\t\t\t\t<\/div>\n\t\t\t\t<div class=\"elementor-element elementor-element-fa21120 elementor-widget elementor-widget-text-editor\" data-id=\"fa21120\" data-element_type=\"widget\" data-e-type=\"widget\" data-widget_type=\"text-editor.default\">\n\t\t\t\t<div class=\"elementor-widget-container\">\n\t\t\t\t\t\t\t\t\t<p>L\u2019avant-premi\u00e8re de La Nuit: 25 \u20ac<\/p>\n<p>La nuit des temps: 40 \u20ac<\/p>\n<p><a href=\"https:\/\/www.nuitdestemps.eu\/fr\/ou-loger\/\">O\u00f9 se loger<\/a><\/p>\t\t\t\t\t\t\t\t<\/div>\n\t\t\t\t<\/div>\n\t\t\t\t<\/div>\n\t\t<div class=\"elementor-element elementor-element-99a212c e-con-full e-flex e-con e-child\" data-id=\"99a212c\" data-element_type=\"container\" data-e-type=\"container\">\n\t\t\t\t<div class=\"elementor-element elementor-element-072785f elementor-widget elementor-widget-heading\" data-id=\"072785f\" data-element_type=\"widget\" data-e-type=\"widget\" data-widget_type=\"heading.default\">\n\t\t\t\t<div class=\"elementor-widget-container\">\n\t\t\t\t\t<h2 class=\"elementor-heading-title elementor-size-default\">Renseignements<\/h2>\t\t\t\t<\/div>\n\t\t\t\t<\/div>\n\t\t\t\t<div class=\"elementor-element elementor-element-ff12522 elementor-widget elementor-widget-text-editor\" data-id=\"ff12522\" data-element_type=\"widget\" data-e-type=\"widget\" data-widget_type=\"text-editor.default\">\n\t\t\t\t<div class=\"elementor-widget-container\">\n\t\t\t\t\t\t\t\t\t<p>Tel: 347 7779199<br \/><a href=\"mailto:info@nuitdestemps.eu\">info@nuitdestemps.eu<\/a><\/p>\n\t\t\t\t\t\t\t\t<\/div>\n\t\t\t\t<\/div>\n\t\t\t\t<div class=\"elementor-element elementor-element-02ee40b elementor-widget elementor-widget-heading\" data-id=\"02ee40b\" data-element_type=\"widget\" data-e-type=\"widget\" data-widget_type=\"heading.default\">\n\t\t\t\t<div class=\"elementor-widget-container\">\n\t\t\t\t\t<h2 class=\"elementor-heading-title elementor-size-default\">Accueil et point de d\u00e9part<\/h2>\t\t\t\t<\/div>\n\t\t\t\t<\/div>\n\t\t\t\t<div class=\"elementor-element elementor-element-90cd224 elementor-widget elementor-widget-text-editor\" data-id=\"90cd224\" data-element_type=\"widget\" data-e-type=\"widget\" data-widget_type=\"text-editor.default\">\n\t\t\t\t<div class=\"elementor-widget-container\">\n\t\t\t\t\t\t\t\t\t<p>Maison Bruil, hameau Les Villes-Dessus \u2013 11010 Introd<\/p>\n\t\t\t\t\t\t\t\t<\/div>\n\t\t\t\t<\/div>\n\t\t\t\t<\/div>\n\t\t\t\t\t<\/div>\n\t\t\t\t<\/div>\n\t\t\t\t<\/div>\n\t\t","protected":false},"excerpt":{"rendered":"<p>Introd &#8211; Vall\u00e9e D&rsquo;Aoste La Nuit des temps \u2013 17 octobre 2026L\u2019avant-premi\u00e8re de La Nuit &#8211; 16 octobre 2026 Un voyage \u00e0 rebours \u00e0 travers les \u00e2ges D\u00e9pliant 2026 Programme Visite guid\u00e9e de l\u2019ancienne habitation rurale Maison Bruil\u00a0(accueil et point de d\u00e9part) Parcours itin\u00e9rant dans nos villages, \u00e0 la d\u00e9couverte d\u2019atmosph\u00e8res d\u2019antan\u00a0(les quatre portes du [&hellip;]<\/p>\n","protected":false},"author":1,"featured_media":0,"parent":0,"menu_order":0,"comment_status":"closed","ping_status":"closed","template":"elementor_header_footer","meta":{"_acf_changed":false,"footnotes":""},"class_list":["post-557","page","type-page","status-publish","hentry"],"acf":[],"_links":{"self":[{"href":"https:\/\/www.nuitdestemps.eu\/fr\/wp-json\/wp\/v2\/pages\/557","targetHints":{"allow":["GET"]}}],"collection":[{"href":"https:\/\/www.nuitdestemps.eu\/fr\/wp-json\/wp\/v2\/pages"}],"about":[{"href":"https:\/\/www.nuitdestemps.eu\/fr\/wp-json\/wp\/v2\/types\/page"}],"author":[{"embeddable":true,"href":"https:\/\/www.nuitdestemps.eu\/fr\/wp-json\/wp\/v2\/users\/1"}],"replies":[{"embeddable":true,"href":"https:\/\/www.nuitdestemps.eu\/fr\/wp-json\/wp\/v2\/comments?post=557"}],"version-history":[{"count":60,"href":"https:\/\/www.nuitdestemps.eu\/fr\/wp-json\/wp\/v2\/pages\/557\/revisions"}],"predecessor-version":[{"id":1436,"href":"https:\/\/www.nuitdestemps.eu\/fr\/wp-json\/wp\/v2\/pages\/557\/revisions\/1436"}],"wp:attachment":[{"href":"https:\/\/www.nuitdestemps.eu\/fr\/wp-json\/wp\/v2\/media?parent=557"}],"curies":[{"name":"wp","href":"https:\/\/api.w.org\/{rel}","templated":true}]}}